{"id":37460,"date":"2020-11-13T15:41:34","date_gmt":"2020-11-13T14:41:34","guid":{"rendered":"http:\/\/www.desfenetressurlemonde.com\/?post_type=product&#038;p=37460"},"modified":"2025-11-14T09:49:54","modified_gmt":"2025-11-14T08:49:54","slug":"tirage-photo-022","status":"publish","type":"product","link":"https:\/\/www.desfenetressurlemonde.com\/en\/product\/tirage-photo-022\/","title":{"rendered":"&quot;Unexpected&quot; #022"},"content":{"rendered":"<p>5:30 am the alarm goes off. Our hiking bags are already ready but we have to drive to the start of the trail in the Parc des Ecrins.<br \/>\nThe day before, the weather was too bad to attempt the ascent to the Glacier Blanc and hope to pitch our tent as close as possible.<br \/>\nBut that morning, we might have had a window to see it.<br \/>\nIt is 6 o&#039;clock when we advance step by step in the dark, lit by our headlamps. The air is humid, the sky heavy and two eyes are staring at us ... a chamois is awake.<br \/>\nFootsteps follow one another and the day is gradually breaking but the mist persists. The landscape at least what we perceive changes from one moment to another and the light is so special, the atmosphere mysterious ...<br \/>\nThen, the glacier appeared and the sky did not stop dancing above us.<br \/>\nWhat a sight\u2026 Captivated, we stayed up there without paying attention to the passing hours contemplating every detail, enjoying every moment.<\/p>\n<p><strong>The White Glacier - Ecrins National Park - France<\/strong><\/p>","protected":false},"excerpt":{"rendered":"<p><strong>\u201cUnexpected\u201d - Hide and seek game on the Glacier.<\/strong><\/p>\n<p>Art Print in Limited Edition of 30 copies with certificate of authenticity.<\/p>\n<ul>\n<li>Available in three sizes<\/li>\n<li>Numbered and signed<\/li>\n<li>Ultra high quality pigment print on 300g Matte Fine Art Paper<\/li>\n<li>Print alone, without frame<\/li>\n<li>Plus shipping costs<\/li>\n<\/ul>\n<p><i>Printing made by a professional laboratory in France. Prints on fine art paper with pigment inks: guaranteed quality and fineness of printing as well as long-term conservation of more than 60 years.<\/i><\/p>\n<p><strong><span style=\"color: #999999;\">For all special requests: other format, addition of white margin, other printing medium, laminating on Alu Dibond, custom framing:<\/span> <a href=\"http:\/\/www.desfenetressurlemonde.com\/en\/contact\/\">Contact us<\/a><\/strong><\/p>","protected":false},"featured_media":37456,"template":"","meta":{"_exactmetrics_skip_tracking":false,"_exactmetrics_sitenote_active":false,"_exactmetrics_sitenote_note":"","_exactmetrics_sitenote_category":0,"jetpack_post_was_ever_published":false,"jetpack_publicize_message":"","jetpack_publicize_feature_enabled":true,"jetpack_social_post_already_shared":true,"jetpack_social_options":{"image_generator_settings":{"template":"highway","default_image_id":0,"font":"","enabled":false},"version":2}},"product_brand":[],"product_cat":[267],"product_tag":[],"class_list":{"0":"post-37460","1":"product","2":"type-product","3":"status-publish","4":"has-post-thumbnail","6":"product_cat-photographie","7":"product_shipping_class-photo","8":"description-off","10":"first","11":"instock","12":"shipping-taxable","13":"purchasable","14":"product-type-variable"},"yoast_head":"<!-- This site is optimized with the Yoast SEO plugin v27.5 - https:\/\/yoast.com\/product\/yoast-seo-wordpress\/ -->\n<title>&quot;Unexpected&quot; #022 - Des Fen\u00eatres sur le Monde<\/title>\n<meta name=\"description\" content=\"Tirage photo qualit\u00e9 sup\u00e9rieure sur papier 300g Fine Art. Edition limit\u00e9e \u00e0 30 exemplaires. Disponible en trois formats.\" \/>\n<meta name=\"robots\" content=\"index, follow, max-snippet:-1, max-image-preview:large, max-video-preview:-1\" \/>\n<link rel=\"canonical\" href=\"https:\/\/www.desfenetressurlemonde.com\/en\/product\/tirage-photo-022\/\" \/>\n<meta property=\"og:locale\" content=\"en_GB\" \/>\n<meta property=\"og:type\" content=\"article\" \/>\n<meta property=\"og:title\" content=\"&quot;Unexpected&quot; #022 - Des Fen\u00eatres sur le Monde\" \/>\n<meta property=\"og:description\" content=\"Tirage photo qualit\u00e9 sup\u00e9rieure sur papier 300g Fine Art. Edition limit\u00e9e \u00e0 30 exemplaires. Disponible en trois formats.\" \/>\n<meta property=\"og:url\" content=\"https:\/\/www.desfenetressurlemonde.com\/en\/product\/tirage-photo-022\/\" \/>\n<meta property=\"og:site_name\" content=\"Des Fen\u00eatres sur le Monde\" \/>\n<meta property=\"article:publisher\" content=\"https:\/\/www.facebook.com\/desfenetressurlemonde.blog\/\" \/>\n<meta property=\"article:modified_time\" content=\"2025-11-14T08:49:54+00:00\" \/>\n<meta property=\"og:image\" content=\"https:\/\/www.desfenetressurlemonde.com\/wp-content\/uploads\/2020\/11\/Des-Fenetres-sur-le-Monde-Impression-Fine-Art-22.png\" \/>\n\t<meta property=\"og:image:width\" content=\"1080\" \/>\n\t<meta property=\"og:image:height\" content=\"1080\" \/>\n\t<meta property=\"og:image:type\" content=\"image\/png\" \/>\n<meta name=\"twitter:card\" content=\"summary_large_image\" \/>\n<meta name=\"twitter:label1\" content=\"Estimated reading time\" \/>\n\t<meta name=\"twitter:data1\" content=\"1 minute\" \/>\n<script type=\"application\/ld+json\" class=\"yoast-schema-graph\">{\"@context\":\"https:\\\/\\\/schema.org\",\"@graph\":[{\"@type\":\"WebPage\",\"@id\":\"https:\\\/\\\/www.desfenetressurlemonde.com\\\/produit\\\/tirage-photo-022\\\/\",\"url\":\"https:\\\/\\\/www.desfenetressurlemonde.com\\\/produit\\\/tirage-photo-022\\\/\",\"name\":\"\\\"Unexpected\\\" #022 - Des Fen\u00eatres sur le Monde\",\"isPartOf\":{\"@id\":\"http:\\\/\\\/www.desfenetressurlemonde.com\\\/#website\"},\"primaryImageOfPage\":{\"@id\":\"https:\\\/\\\/www.desfenetressurlemonde.com\\\/produit\\\/tirage-photo-022\\\/#primaryimage\"},\"image\":{\"@id\":\"https:\\\/\\\/www.desfenetressurlemonde.com\\\/produit\\\/tirage-photo-022\\\/#primaryimage\"},\"thumbnailUrl\":\"https:\\\/\\\/www.desfenetressurlemonde.com\\\/wp-content\\\/uploads\\\/2020\\\/11\\\/Des-Fenetres-sur-le-Monde-Impression-Fine-Art-22.png\",\"datePublished\":\"2020-11-13T14:41:34+00:00\",\"dateModified\":\"2025-11-14T08:49:54+00:00\",\"description\":\"Tirage photo qualit\u00e9 sup\u00e9rieure sur papier 300g Fine Art. Edition limit\u00e9e \u00e0 30 exemplaires. Disponible en trois formats.\",\"breadcrumb\":{\"@id\":\"https:\\\/\\\/www.desfenetressurlemonde.com\\\/produit\\\/tirage-photo-022\\\/#breadcrumb\"},\"inLanguage\":\"en-GB\",\"potentialAction\":[{\"@type\":\"ReadAction\",\"target\":[\"https:\\\/\\\/www.desfenetressurlemonde.com\\\/produit\\\/tirage-photo-022\\\/\"]}]},{\"@type\":\"ImageObject\",\"inLanguage\":\"en-GB\",\"@id\":\"https:\\\/\\\/www.desfenetressurlemonde.com\\\/produit\\\/tirage-photo-022\\\/#primaryimage\",\"url\":\"https:\\\/\\\/www.desfenetressurlemonde.com\\\/wp-content\\\/uploads\\\/2020\\\/11\\\/Des-Fenetres-sur-le-Monde-Impression-Fine-Art-22.png\",\"contentUrl\":\"https:\\\/\\\/www.desfenetressurlemonde.com\\\/wp-content\\\/uploads\\\/2020\\\/11\\\/Des-Fenetres-sur-le-Monde-Impression-Fine-Art-22.png\",\"width\":1080,\"height\":1080},{\"@type\":\"BreadcrumbList\",\"@id\":\"https:\\\/\\\/www.desfenetressurlemonde.com\\\/produit\\\/tirage-photo-022\\\/#breadcrumb\",\"itemListElement\":[{\"@type\":\"ListItem\",\"position\":1,\"name\":\"Accueil\",\"item\":\"https:\\\/\\\/www.desfenetressurlemonde.com\\\/\"},{\"@type\":\"ListItem\",\"position\":2,\"name\":\"Produits\",\"item\":\"https:\\\/\\\/www.desfenetressurlemonde.com\\\/shop\\\/\"},{\"@type\":\"ListItem\",\"position\":3,\"name\":\"&laquo;&nbsp;Unexpected&nbsp;&raquo; #022\"}]},{\"@type\":\"WebSite\",\"@id\":\"http:\\\/\\\/www.desfenetressurlemonde.com\\\/#website\",\"url\":\"http:\\\/\\\/www.desfenetressurlemonde.com\\\/\",\"name\":\"Des Fen\u00eatres sur le Monde\",\"description\":\"Joana &amp; Eric en vadrouille...\",\"potentialAction\":[{\"@type\":\"SearchAction\",\"target\":{\"@type\":\"EntryPoint\",\"urlTemplate\":\"http:\\\/\\\/www.desfenetressurlemonde.com\\\/?s={search_term_string}\"},\"query-input\":{\"@type\":\"PropertyValueSpecification\",\"valueRequired\":true,\"valueName\":\"search_term_string\"}}],\"inLanguage\":\"en-GB\"}]}<\/script>\n<!-- \/ Yoast SEO plugin. -->","yoast_head_json":{"title":"\"Unexpected\" #022 - Des Fen\u00eatres sur le Monde","description":"Tirage photo qualit\u00e9 sup\u00e9rieure sur papier 300g Fine Art. Edition limit\u00e9e \u00e0 30 exemplaires. Disponible en trois formats.","robots":{"index":"index","follow":"follow","max-snippet":"max-snippet:-1","max-image-preview":"max-image-preview:large","max-video-preview":"max-video-preview:-1"},"canonical":"https:\/\/www.desfenetressurlemonde.com\/en\/product\/tirage-photo-022\/","og_locale":"en_GB","og_type":"article","og_title":"\"Unexpected\" #022 - Des Fen\u00eatres sur le Monde","og_description":"Tirage photo qualit\u00e9 sup\u00e9rieure sur papier 300g Fine Art. Edition limit\u00e9e \u00e0 30 exemplaires. Disponible en trois formats.","og_url":"https:\/\/www.desfenetressurlemonde.com\/en\/product\/tirage-photo-022\/","og_site_name":"Des Fen\u00eatres sur le Monde","article_publisher":"https:\/\/www.facebook.com\/desfenetressurlemonde.blog\/","article_modified_time":"2025-11-14T08:49:54+00:00","og_image":[{"width":1080,"height":1080,"url":"https:\/\/www.desfenetressurlemonde.com\/wp-content\/uploads\/2020\/11\/Des-Fenetres-sur-le-Monde-Impression-Fine-Art-22.png","type":"image\/png"}],"twitter_card":"summary_large_image","twitter_misc":{"Estimated reading time":"1 minute"},"schema":{"@context":"https:\/\/schema.org","@graph":[{"@type":"WebPage","@id":"https:\/\/www.desfenetressurlemonde.com\/produit\/tirage-photo-022\/","url":"https:\/\/www.desfenetressurlemonde.com\/produit\/tirage-photo-022\/","name":"\"Unexpected\" #022 - Des Fen\u00eatres sur le Monde","isPartOf":{"@id":"http:\/\/www.desfenetressurlemonde.com\/#website"},"primaryImageOfPage":{"@id":"https:\/\/www.desfenetressurlemonde.com\/produit\/tirage-photo-022\/#primaryimage"},"image":{"@id":"https:\/\/www.desfenetressurlemonde.com\/produit\/tirage-photo-022\/#primaryimage"},"thumbnailUrl":"https:\/\/www.desfenetressurlemonde.com\/wp-content\/uploads\/2020\/11\/Des-Fenetres-sur-le-Monde-Impression-Fine-Art-22.png","datePublished":"2020-11-13T14:41:34+00:00","dateModified":"2025-11-14T08:49:54+00:00","description":"Tirage photo qualit\u00e9 sup\u00e9rieure sur papier 300g Fine Art. Edition limit\u00e9e \u00e0 30 exemplaires. Disponible en trois formats.","breadcrumb":{"@id":"https:\/\/www.desfenetressurlemonde.com\/produit\/tirage-photo-022\/#breadcrumb"},"inLanguage":"en-GB","potentialAction":[{"@type":"ReadAction","target":["https:\/\/www.desfenetressurlemonde.com\/produit\/tirage-photo-022\/"]}]},{"@type":"ImageObject","inLanguage":"en-GB","@id":"https:\/\/www.desfenetressurlemonde.com\/produit\/tirage-photo-022\/#primaryimage","url":"https:\/\/www.desfenetressurlemonde.com\/wp-content\/uploads\/2020\/11\/Des-Fenetres-sur-le-Monde-Impression-Fine-Art-22.png","contentUrl":"https:\/\/www.desfenetressurlemonde.com\/wp-content\/uploads\/2020\/11\/Des-Fenetres-sur-le-Monde-Impression-Fine-Art-22.png","width":1080,"height":1080},{"@type":"BreadcrumbList","@id":"https:\/\/www.desfenetressurlemonde.com\/produit\/tirage-photo-022\/#breadcrumb","itemListElement":[{"@type":"ListItem","position":1,"name":"Accueil","item":"https:\/\/www.desfenetressurlemonde.com\/"},{"@type":"ListItem","position":2,"name":"Produits","item":"https:\/\/www.desfenetressurlemonde.com\/shop\/"},{"@type":"ListItem","position":3,"name":"&laquo;&nbsp;Unexpected&nbsp;&raquo; #022"}]},{"@type":"WebSite","@id":"http:\/\/www.desfenetressurlemonde.com\/#website","url":"http:\/\/www.desfenetressurlemonde.com\/","name":"Windows on the World","description":"Joana &amp; Eric en vadrouille...","potentialAction":[{"@type":"SearchAction","target":{"@type":"EntryPoint","urlTemplate":"http:\/\/www.desfenetressurlemonde.com\/?s={search_term_string}"},"query-input":{"@type":"PropertyValueSpecification","valueRequired":true,"valueName":"search_term_string"}}],"inLanguage":"en-GB"}]}},"jetpack_publicize_connections":[],"jetpack_sharing_enabled":true,"_links":{"self":[{"href":"https:\/\/www.desfenetressurlemonde.com\/en\/wp-json\/wp\/v2\/product\/37460","targetHints":{"allow":["GET"]}}],"collection":[{"href":"https:\/\/www.desfenetressurlemonde.com\/en\/wp-json\/wp\/v2\/product"}],"about":[{"href":"https:\/\/www.desfenetressurlemonde.com\/en\/wp-json\/wp\/v2\/types\/product"}],"wp:featuredmedia":[{"embeddable":true,"href":"https:\/\/www.desfenetressurlemonde.com\/en\/wp-json\/wp\/v2\/media\/37456"}],"wp:attachment":[{"href":"https:\/\/www.desfenetressurlemonde.com\/en\/wp-json\/wp\/v2\/media?parent=37460"}],"wp:term":[{"taxonomy":"product_brand","embeddable":true,"href":"https:\/\/www.desfenetressurlemonde.com\/en\/wp-json\/wp\/v2\/product_brand?post=37460"},{"taxonomy":"product_cat","embeddable":true,"href":"https:\/\/www.desfenetressurlemonde.com\/en\/wp-json\/wp\/v2\/product_cat?post=37460"},{"taxonomy":"product_tag","embeddable":true,"href":"https:\/\/www.desfenetressurlemonde.com\/en\/wp-json\/wp\/v2\/product_tag?post=37460"}],"curies":[{"name":"wp","href":"https:\/\/api.w.org\/{rel}","templated":true}]}}