{"id":37589,"date":"2020-11-13T21:05:43","date_gmt":"2020-11-13T20:05:43","guid":{"rendered":"http:\/\/www.desfenetressurlemonde.com\/?post_type=product&#038;p=37589"},"modified":"2025-11-14T09:50:26","modified_gmt":"2025-11-14T08:50:26","slug":"tirage-photo-045","status":"publish","type":"product","link":"https:\/\/www.desfenetressurlemonde.com\/en\/product\/tirage-photo-045\/","title":{"rendered":"&quot;Surf&quot; #045"},"content":{"rendered":"<p>Take the plunge even when the sky threatens the peaceful beaches of California. Take your board to join the waves or arm your camera to shoot kneeling under the steps of a staircase while everyone takes shelter ... Passion or sweet madness?<\/p>\n<p><strong>California - USA<\/strong><\/p>","protected":false},"excerpt":{"rendered":"<p><strong>&quot;Surf&quot; - The Ocean as a passion.<\/strong><\/p>\n<p>Art Print in Limited Edition of 30 copies with certificate of authenticity.<\/p>\n<ul>\n<li>Available in three sizes<\/li>\n<li>Numbered and signed<\/li>\n<li>Ultra high quality pigment print on 300g Matte Fine Art Paper<\/li>\n<li>Print alone, without frame<\/li>\n<li>Plus shipping costs<\/li>\n<\/ul>\n<p><i>Printing made by a professional laboratory in France. Prints on fine art paper with pigment inks: guaranteed quality and fineness of printing as well as long-term conservation of more than 60 years.<\/i><\/p>\n<p><strong><span style=\"color: #999999;\">For all special requests: other format, addition of white margin, other printing medium, laminating on Alu Dibond, custom framing:<\/span> <a href=\"http:\/\/www.desfenetressurlemonde.com\/en\/contact\/\">Contact us<\/a><\/strong><\/p>","protected":false},"featured_media":37558,"template":"","meta":{"_exactmetrics_skip_tracking":false,"_exactmetrics_sitenote_active":false,"_exactmetrics_sitenote_note":"","_exactmetrics_sitenote_category":0,"jetpack_post_was_ever_published":false,"jetpack_publicize_message":"","jetpack_publicize_feature_enabled":true,"jetpack_social_post_already_shared":true,"jetpack_social_options":{"image_generator_settings":{"template":"highway","default_image_id":0,"font":"","enabled":false},"version":2}},"product_brand":[],"product_cat":[267],"product_tag":[],"class_list":{"0":"post-37589","1":"product","2":"type-product","3":"status-publish","4":"has-post-thumbnail","6":"product_cat-photographie","7":"product_shipping_class-photo","8":"description-off","10":"first","11":"instock","12":"shipping-taxable","13":"purchasable","14":"product-type-variable"},"yoast_head":"<!-- This site is optimized with the Yoast SEO plugin v27.5 - https:\/\/yoast.com\/product\/yoast-seo-wordpress\/ -->\n<title>&quot;Surf&quot; #045 - Des Fen\u00eatres sur le Monde<\/title>\n<meta name=\"description\" content=\"Tirage photo qualit\u00e9 sup\u00e9rieure sur papier 300g Fine Art. Edition limit\u00e9e \u00e0 30 exemplaires. Disponible en trois formats.\" \/>\n<meta name=\"robots\" content=\"index, follow, max-snippet:-1, max-image-preview:large, max-video-preview:-1\" \/>\n<link rel=\"canonical\" href=\"https:\/\/www.desfenetressurlemonde.com\/en\/product\/tirage-photo-045\/\" \/>\n<meta property=\"og:locale\" content=\"en_GB\" \/>\n<meta property=\"og:type\" content=\"article\" \/>\n<meta property=\"og:title\" content=\"&quot;Surf&quot; #045 - Des Fen\u00eatres sur le Monde\" \/>\n<meta property=\"og:description\" content=\"Tirage photo qualit\u00e9 sup\u00e9rieure sur papier 300g Fine Art. Edition limit\u00e9e \u00e0 30 exemplaires. Disponible en trois formats.\" \/>\n<meta property=\"og:url\" content=\"https:\/\/www.desfenetressurlemonde.com\/en\/product\/tirage-photo-045\/\" \/>\n<meta property=\"og:site_name\" content=\"Des Fen\u00eatres sur le Monde\" \/>\n<meta property=\"article:publisher\" content=\"https:\/\/www.facebook.com\/desfenetressurlemonde.blog\/\" \/>\n<meta property=\"article:modified_time\" content=\"2025-11-14T08:50:26+00:00\" \/>\n<meta property=\"og:image\" content=\"https:\/\/www.desfenetressurlemonde.com\/wp-content\/uploads\/2020\/11\/Des-Fenetres-sur-le-Monde-Impression-Fine-Art-45.png\" \/>\n\t<meta property=\"og:image:width\" content=\"1080\" \/>\n\t<meta property=\"og:image:height\" content=\"1080\" \/>\n\t<meta property=\"og:image:type\" content=\"image\/png\" \/>\n<meta name=\"twitter:card\" content=\"summary_large_image\" \/>\n<script type=\"application\/ld+json\" class=\"yoast-schema-graph\">{\"@context\":\"https:\\\/\\\/schema.org\",\"@graph\":[{\"@type\":\"WebPage\",\"@id\":\"https:\\\/\\\/www.desfenetressurlemonde.com\\\/produit\\\/tirage-photo-045\\\/\",\"url\":\"https:\\\/\\\/www.desfenetressurlemonde.com\\\/produit\\\/tirage-photo-045\\\/\",\"name\":\"\\\"Surf\\\" #045 - Des Fen\u00eatres sur le Monde\",\"isPartOf\":{\"@id\":\"http:\\\/\\\/www.desfenetressurlemonde.com\\\/#website\"},\"primaryImageOfPage\":{\"@id\":\"https:\\\/\\\/www.desfenetressurlemonde.com\\\/produit\\\/tirage-photo-045\\\/#primaryimage\"},\"image\":{\"@id\":\"https:\\\/\\\/www.desfenetressurlemonde.com\\\/produit\\\/tirage-photo-045\\\/#primaryimage\"},\"thumbnailUrl\":\"https:\\\/\\\/www.desfenetressurlemonde.com\\\/wp-content\\\/uploads\\\/2020\\\/11\\\/Des-Fenetres-sur-le-Monde-Impression-Fine-Art-45.png\",\"datePublished\":\"2020-11-13T20:05:43+00:00\",\"dateModified\":\"2025-11-14T08:50:26+00:00\",\"description\":\"Tirage photo qualit\u00e9 sup\u00e9rieure sur papier 300g Fine Art. Edition limit\u00e9e \u00e0 30 exemplaires. Disponible en trois formats.\",\"breadcrumb\":{\"@id\":\"https:\\\/\\\/www.desfenetressurlemonde.com\\\/produit\\\/tirage-photo-045\\\/#breadcrumb\"},\"inLanguage\":\"en-GB\",\"potentialAction\":[{\"@type\":\"ReadAction\",\"target\":[\"https:\\\/\\\/www.desfenetressurlemonde.com\\\/produit\\\/tirage-photo-045\\\/\"]}]},{\"@type\":\"ImageObject\",\"inLanguage\":\"en-GB\",\"@id\":\"https:\\\/\\\/www.desfenetressurlemonde.com\\\/produit\\\/tirage-photo-045\\\/#primaryimage\",\"url\":\"https:\\\/\\\/www.desfenetressurlemonde.com\\\/wp-content\\\/uploads\\\/2020\\\/11\\\/Des-Fenetres-sur-le-Monde-Impression-Fine-Art-45.png\",\"contentUrl\":\"https:\\\/\\\/www.desfenetressurlemonde.com\\\/wp-content\\\/uploads\\\/2020\\\/11\\\/Des-Fenetres-sur-le-Monde-Impression-Fine-Art-45.png\",\"width\":1080,\"height\":1080},{\"@type\":\"BreadcrumbList\",\"@id\":\"https:\\\/\\\/www.desfenetressurlemonde.com\\\/produit\\\/tirage-photo-045\\\/#breadcrumb\",\"itemListElement\":[{\"@type\":\"ListItem\",\"position\":1,\"name\":\"Accueil\",\"item\":\"https:\\\/\\\/www.desfenetressurlemonde.com\\\/\"},{\"@type\":\"ListItem\",\"position\":2,\"name\":\"Produits\",\"item\":\"https:\\\/\\\/www.desfenetressurlemonde.com\\\/shop\\\/\"},{\"@type\":\"ListItem\",\"position\":3,\"name\":\"&laquo;&nbsp;Surf&nbsp;&raquo; #045\"}]},{\"@type\":\"WebSite\",\"@id\":\"http:\\\/\\\/www.desfenetressurlemonde.com\\\/#website\",\"url\":\"http:\\\/\\\/www.desfenetressurlemonde.com\\\/\",\"name\":\"Des Fen\u00eatres sur le Monde\",\"description\":\"Joana &amp; Eric en vadrouille...\",\"potentialAction\":[{\"@type\":\"SearchAction\",\"target\":{\"@type\":\"EntryPoint\",\"urlTemplate\":\"http:\\\/\\\/www.desfenetressurlemonde.com\\\/?s={search_term_string}\"},\"query-input\":{\"@type\":\"PropertyValueSpecification\",\"valueRequired\":true,\"valueName\":\"search_term_string\"}}],\"inLanguage\":\"en-GB\"}]}<\/script>\n<!-- \/ Yoast SEO plugin. -->","yoast_head_json":{"title":"\"Surf\" #045 - Des Fen\u00eatres sur le Monde","description":"Tirage photo qualit\u00e9 sup\u00e9rieure sur papier 300g Fine Art. Edition limit\u00e9e \u00e0 30 exemplaires. Disponible en trois formats.","robots":{"index":"index","follow":"follow","max-snippet":"max-snippet:-1","max-image-preview":"max-image-preview:large","max-video-preview":"max-video-preview:-1"},"canonical":"https:\/\/www.desfenetressurlemonde.com\/en\/product\/tirage-photo-045\/","og_locale":"en_GB","og_type":"article","og_title":"\"Surf\" #045 - Des Fen\u00eatres sur le Monde","og_description":"Tirage photo qualit\u00e9 sup\u00e9rieure sur papier 300g Fine Art. Edition limit\u00e9e \u00e0 30 exemplaires. Disponible en trois formats.","og_url":"https:\/\/www.desfenetressurlemonde.com\/en\/product\/tirage-photo-045\/","og_site_name":"Des Fen\u00eatres sur le Monde","article_publisher":"https:\/\/www.facebook.com\/desfenetressurlemonde.blog\/","article_modified_time":"2025-11-14T08:50:26+00:00","og_image":[{"width":1080,"height":1080,"url":"https:\/\/www.desfenetressurlemonde.com\/wp-content\/uploads\/2020\/11\/Des-Fenetres-sur-le-Monde-Impression-Fine-Art-45.png","type":"image\/png"}],"twitter_card":"summary_large_image","schema":{"@context":"https:\/\/schema.org","@graph":[{"@type":"WebPage","@id":"https:\/\/www.desfenetressurlemonde.com\/produit\/tirage-photo-045\/","url":"https:\/\/www.desfenetressurlemonde.com\/produit\/tirage-photo-045\/","name":"\"Surf\" #045 - Des Fen\u00eatres sur le Monde","isPartOf":{"@id":"http:\/\/www.desfenetressurlemonde.com\/#website"},"primaryImageOfPage":{"@id":"https:\/\/www.desfenetressurlemonde.com\/produit\/tirage-photo-045\/#primaryimage"},"image":{"@id":"https:\/\/www.desfenetressurlemonde.com\/produit\/tirage-photo-045\/#primaryimage"},"thumbnailUrl":"https:\/\/www.desfenetressurlemonde.com\/wp-content\/uploads\/2020\/11\/Des-Fenetres-sur-le-Monde-Impression-Fine-Art-45.png","datePublished":"2020-11-13T20:05:43+00:00","dateModified":"2025-11-14T08:50:26+00:00","description":"Tirage photo qualit\u00e9 sup\u00e9rieure sur papier 300g Fine Art. Edition limit\u00e9e \u00e0 30 exemplaires. Disponible en trois formats.","breadcrumb":{"@id":"https:\/\/www.desfenetressurlemonde.com\/produit\/tirage-photo-045\/#breadcrumb"},"inLanguage":"en-GB","potentialAction":[{"@type":"ReadAction","target":["https:\/\/www.desfenetressurlemonde.com\/produit\/tirage-photo-045\/"]}]},{"@type":"ImageObject","inLanguage":"en-GB","@id":"https:\/\/www.desfenetressurlemonde.com\/produit\/tirage-photo-045\/#primaryimage","url":"https:\/\/www.desfenetressurlemonde.com\/wp-content\/uploads\/2020\/11\/Des-Fenetres-sur-le-Monde-Impression-Fine-Art-45.png","contentUrl":"https:\/\/www.desfenetressurlemonde.com\/wp-content\/uploads\/2020\/11\/Des-Fenetres-sur-le-Monde-Impression-Fine-Art-45.png","width":1080,"height":1080},{"@type":"BreadcrumbList","@id":"https:\/\/www.desfenetressurlemonde.com\/produit\/tirage-photo-045\/#breadcrumb","itemListElement":[{"@type":"ListItem","position":1,"name":"Accueil","item":"https:\/\/www.desfenetressurlemonde.com\/"},{"@type":"ListItem","position":2,"name":"Produits","item":"https:\/\/www.desfenetressurlemonde.com\/shop\/"},{"@type":"ListItem","position":3,"name":"&laquo;&nbsp;Surf&nbsp;&raquo; #045"}]},{"@type":"WebSite","@id":"http:\/\/www.desfenetressurlemonde.com\/#website","url":"http:\/\/www.desfenetressurlemonde.com\/","name":"Windows on the World","description":"Joana &amp; Eric en vadrouille...","potentialAction":[{"@type":"SearchAction","target":{"@type":"EntryPoint","urlTemplate":"http:\/\/www.desfenetressurlemonde.com\/?s={search_term_string}"},"query-input":{"@type":"PropertyValueSpecification","valueRequired":true,"valueName":"search_term_string"}}],"inLanguage":"en-GB"}]}},"jetpack_publicize_connections":[],"jetpack_sharing_enabled":true,"_links":{"self":[{"href":"https:\/\/www.desfenetressurlemonde.com\/en\/wp-json\/wp\/v2\/product\/37589","targetHints":{"allow":["GET"]}}],"collection":[{"href":"https:\/\/www.desfenetressurlemonde.com\/en\/wp-json\/wp\/v2\/product"}],"about":[{"href":"https:\/\/www.desfenetressurlemonde.com\/en\/wp-json\/wp\/v2\/types\/product"}],"wp:featuredmedia":[{"embeddable":true,"href":"https:\/\/www.desfenetressurlemonde.com\/en\/wp-json\/wp\/v2\/media\/37558"}],"wp:attachment":[{"href":"https:\/\/www.desfenetressurlemonde.com\/en\/wp-json\/wp\/v2\/media?parent=37589"}],"wp:term":[{"taxonomy":"product_brand","embeddable":true,"href":"https:\/\/www.desfenetressurlemonde.com\/en\/wp-json\/wp\/v2\/product_brand?post=37589"},{"taxonomy":"product_cat","embeddable":true,"href":"https:\/\/www.desfenetressurlemonde.com\/en\/wp-json\/wp\/v2\/product_cat?post=37589"},{"taxonomy":"product_tag","embeddable":true,"href":"https:\/\/www.desfenetressurlemonde.com\/en\/wp-json\/wp\/v2\/product_tag?post=37589"}],"curies":[{"name":"wp","href":"https:\/\/api.w.org\/{rel}","templated":true}]}}